{"id":6466,"date":"2020-07-11T21:33:26","date_gmt":"2020-07-11T21:33:26","guid":{"rendered":"https:\/\/www.aktepekabakum.com\/documents\/"},"modified":"2025-05-24T07:34:48","modified_gmt":"2025-05-24T07:34:48","slug":"unterlagen","status":"publish","type":"page","link":"https:\/\/www.aktepekabakum.com\/de\/unterlagen\/","title":{"rendered":"Unterlagen"},"content":{"rendered":"[vc_row type=&#8220;in_container&#8220; full_screen_row_position=&#8220;middle&#8220; column_margin=&#8220;default&#8220; column_direction=&#8220;default&#8220; column_direction_tablet=&#8220;default&#8220; column_direction_phone=&#8220;default&#8220; scene_position=&#8220;center&#8220; text_color=&#8220;dark&#8220; text_align=&#8220;center&#8220; row_border_radius=&#8220;none&#8220; row_border_radius_applies=&#8220;bg&#8220; overlay_strength=&#8220;0.3&#8243; gradient_direction=&#8220;left_to_right&#8220; shape_divider_position=&#8220;bottom&#8220; bg_image_animation=&#8220;none&#8220; shape_type=&#8220;&#8220;][vc_column column_padding=&#8220;no-extra-padding&#8220; column_padding_tablet=&#8220;inherit&#8220; column_padding_phone=&#8220;inherit&#8220; column_padding_position=&#8220;all&#8220; background_color_opacity=&#8220;1&#8243; background_hover_color_opacity=&#8220;1&#8243; column_shadow=&#8220;none&#8220; column_border_radius=&#8220;none&#8220; column_link_target=&#8220;_self&#8220; gradient_direction=&#8220;left_to_right&#8220; overlay_strength=&#8220;0.3&#8243; width=&#8220;1\/2&#8243; tablet_width_inherit=&#8220;default&#8220; tablet_text_alignment=&#8220;default&#8220; phone_text_alignment=&#8220;default&#8220; column_border_width=&#8220;none&#8220; column_border_style=&#8220;solid&#8220; bg_image_animation=&#8220;none&#8220;][vc_column_text]\n<p style=\"text-align: center;\">T.C \u0130l\u00e7e G\u0131da , Tar\u0131m ve Hayvanc\u0131l\u0131k Zulassungsbescheinigung der Direktion<\/p>\n[\/vc_column_text][image_with_animation image_url=&#8220;6005&#8243; animation=&#8220;Fade In&#8220; hover_animation=&#8220;zoom&#8220; alignment=&#8220;center&#8220; border_radius=&#8220;10px&#8220; box_shadow=&#8220;none&#8220; image_loading=&#8220;default&#8220; max_width=&#8220;75%&#8220; max_width_mobile=&#8220;default&#8220;][\/vc_column][vc_column column_padding=&#8220;no-extra-padding&#8220; column_padding_tablet=&#8220;inherit&#8220; column_padding_phone=&#8220;inherit&#8220; column_padding_position=&#8220;all&#8220; background_color_opacity=&#8220;1&#8243; background_hover_color_opacity=&#8220;1&#8243; column_shadow=&#8220;none&#8220; column_border_radius=&#8220;none&#8220; column_link_target=&#8220;_self&#8220; gradient_direction=&#8220;left_to_right&#8220; overlay_strength=&#8220;0.3&#8243; width=&#8220;1\/2&#8243; tablet_width_inherit=&#8220;default&#8220; tablet_text_alignment=&#8220;default&#8220; phone_text_alignment=&#8220;default&#8220; column_border_width=&#8220;none&#8220; column_border_style=&#8220;solid&#8220; bg_image_animation=&#8220;none&#8220;][vc_column_text]\n<p style=\"text-align: center;\">T.C T\u00fcrk Patent Enstit\u00fcs\u00fc Markenregistrierungszertifikat<\/p>\n[\/vc_column_text][image_with_animation image_url=&#8220;6796&#8243; animation=&#8220;Fade In&#8220; hover_animation=&#8220;zoom&#8220; alignment=&#8220;center&#8220; border_radius=&#8220;10px&#8220; box_shadow=&#8220;none&#8220; image_loading=&#8220;default&#8220; max_width=&#8220;75%&#8220; max_width_mobile=&#8220;default&#8220;][\/vc_column][\/vc_row][vc_row type=&#8220;in_container&#8220; full_screen_row_position=&#8220;middle&#8220; column_margin=&#8220;default&#8220; column_direction=&#8220;default&#8220; column_direction_tablet=&#8220;default&#8220; column_direction_phone=&#8220;default&#8220; scene_position=&#8220;center&#8220; text_color=&#8220;dark&#8220; text_align=&#8220;center&#8220; row_border_radius=&#8220;none&#8220; row_border_radius_applies=&#8220;bg&#8220; overlay_strength=&#8220;0.3&#8243; gradient_direction=&#8220;left_to_right&#8220; shape_divider_position=&#8220;bottom&#8220; bg_image_animation=&#8220;none&#8220; shape_type=&#8220;&#8220;][vc_column column_padding=&#8220;no-extra-padding&#8220; column_padding_tablet=&#8220;inherit&#8220; column_padding_phone=&#8220;inherit&#8220; column_padding_position=&#8220;all&#8220; background_color_opacity=&#8220;1&#8243; background_hover_color_opacity=&#8220;1&#8243; column_shadow=&#8220;none&#8220; column_border_radius=&#8220;none&#8220; column_link_target=&#8220;_self&#8220; gradient_direction=&#8220;left_to_right&#8220; overlay_strength=&#8220;0.3&#8243; width=&#8220;1\/2&#8243; tablet_width_inherit=&#8220;default&#8220; tablet_text_alignment=&#8220;default&#8220; phone_text_alignment=&#8220;default&#8220; column_border_width=&#8220;none&#8220; column_border_style=&#8220;solid&#8220; bg_image_animation=&#8220;none&#8220;][vc_column_text]\n<p style=\"text-align: center;\">T.C T\u00fcrk Patent Enstit\u00fcs\u00fc Markenregistrierungszertifikat<\/p>\n[\/vc_column_text][image_with_animation image_url=&#8220;6006&#8243; animation=&#8220;Fade In&#8220; hover_animation=&#8220;zoom&#8220; alignment=&#8220;center&#8220; border_radius=&#8220;10px&#8220; box_shadow=&#8220;none&#8220; image_loading=&#8220;default&#8220; max_width=&#8220;75%&#8220; max_width_mobile=&#8220;default&#8220;][\/vc_column][vc_column column_padding=&#8220;no-extra-padding&#8220; column_padding_tablet=&#8220;inherit&#8220; column_padding_phone=&#8220;inherit&#8220; column_padding_position=&#8220;all&#8220; background_color_opacity=&#8220;1&#8243; background_hover_color_opacity=&#8220;1&#8243; column_shadow=&#8220;none&#8220; column_border_radius=&#8220;none&#8220; column_link_target=&#8220;_self&#8220; gradient_direction=&#8220;left_to_right&#8220; overlay_strength=&#8220;0.3&#8243; width=&#8220;1\/2&#8243; tablet_width_inherit=&#8220;default&#8220; tablet_text_alignment=&#8220;default&#8220; phone_text_alignment=&#8220;default&#8220; column_border_width=&#8220;none&#8220; column_border_style=&#8220;solid&#8220; bg_image_animation=&#8220;none&#8220;][\/vc_column][\/vc_row]\n","protected":false},"excerpt":{"rendered":"<p>[vc_row type=&#8220;in_container&#8220; full_screen_row_position=&#8220;middle&#8220; column_margin=&#8220;default&#8220; column_direction=&#8220;default&#8220; column_direction_tablet=&#8220;default&#8220; column_direction_phone=&#8220;default&#8220; scene_position=&#8220;center&#8220; text_color=&#8220;dark&#8220; text_align=&#8220;center&#8220; row_border_radius=&#8220;none&#8220; row_border_radius_applies=&#8220;bg&#8220; overlay_strength=&#8220;0.3&#8243; gradient_direction=&#8220;left_to_right&#8220; shape_divider_position=&#8220;bottom&#8220; bg_image_animation=&#8220;none&#8220; shape_type=&#8220;&#8220;][vc_column column_padding=&#8220;no-extra-padding&#8220; column_padding_tablet=&#8220;inherit&#8220; column_padding_phone=&#8220;inherit&#8220; column_padding_position=&#8220;all&#8220; background_color_opacity=&#8220;1&#8243; background_hover_color_opacity=&#8220;1&#8243; column_shadow=&#8220;none&#8220; column_border_radius=&#8220;none&#8220;&#8230;<\/p>\n","protected":false},"author":1,"featured_media":0,"parent":0,"menu_order":0,"comment_status":"closed","ping_status":"closed","template":"","meta":[],"yoast_head":"<!-- This site is optimized with the Yoast SEO plugin v18.2 - https:\/\/yoast.com\/wordpress\/plugins\/seo\/ -->\n<title>Unterlagen - Aktepe Kabakum Zeytincilik<\/title>\n<meta name=\"robots\" content=\"index, follow, max-snippet:-1, max-image-preview:large, max-video-preview:-1\" \/>\n<link rel=\"canonical\" href=\"https:\/\/www.aktepekabakum.com\/de\/unterlagen\/\" \/>\n<meta property=\"og:locale\" content=\"de_DE\" \/>\n<meta property=\"og:type\" content=\"article\" \/>\n<meta property=\"og:title\" content=\"Unterlagen - Aktepe Kabakum Zeytincilik\" \/>\n<meta property=\"og:description\" content=\"[vc_row type=&#8220;in_container&#8220; full_screen_row_position=&#8220;middle&#8220; column_margin=&#8220;default&#8220; column_direction=&#8220;default&#8220; column_direction_tablet=&#8220;default&#8220; column_direction_phone=&#8220;default&#8220; scene_position=&#8220;center&#8220; text_color=&#8220;dark&#8220; text_align=&#8220;center&#8220; row_border_radius=&#8220;none&#8220; row_border_radius_applies=&#8220;bg&#8220; overlay_strength=&#8220;0.3&#8243; gradient_direction=&#8220;left_to_right&#8220; shape_divider_position=&#8220;bottom&#8220; bg_image_animation=&#8220;none&#8220; shape_type=&#8220;&#8220;][vc_column column_padding=&#8220;no-extra-padding&#8220; column_padding_tablet=&#8220;inherit&#8220; column_padding_phone=&#8220;inherit&#8220; column_padding_position=&#8220;all&#8220; background_color_opacity=&#8220;1&#8243; background_hover_color_opacity=&#8220;1&#8243; column_shadow=&#8220;none&#8220; column_border_radius=&#8220;none&#8220;...\" \/>\n<meta property=\"og:url\" content=\"https:\/\/www.aktepekabakum.com\/de\/unterlagen\/\" \/>\n<meta property=\"og:site_name\" content=\"Aktepe Kabakum Zeytincilik\" \/>\n<meta property=\"article:publisher\" content=\"https:\/\/www.facebook.com\/aktepekabakumzeytincilik\/\" \/>\n<meta property=\"article:modified_time\" content=\"2025-05-24T07:34:48+00:00\" \/>\n<meta name=\"twitter:card\" content=\"summary_large_image\" \/>\n<meta name=\"twitter:site\" content=\"@aktepekabakum\" \/>\n<meta name=\"twitter:label1\" content=\"Gesch\u00e4tzte Lesezeit\" \/>\n\t<meta name=\"twitter:data1\" content=\"1 Minute\" \/>\n<script type=\"application\/ld+json\" class=\"yoast-schema-graph\">{\"@context\":\"https:\/\/schema.org\",\"@graph\":[{\"@type\":\"Organization\",\"@id\":\"https:\/\/www.aktepekabakum.com\/#organization\",\"name\":\"Aktepe Kabakum Zeytincilik\",\"url\":\"https:\/\/www.aktepekabakum.com\/\",\"sameAs\":[\"https:\/\/www.facebook.com\/aktepekabakumzeytincilik\/\",\"https:\/\/www.instagram.com\/aktepekabakum\/\",\"https:\/\/twitter.com\/aktepekabakum\"],\"logo\":{\"@type\":\"ImageObject\",\"@id\":\"https:\/\/www.aktepekabakum.com\/#logo\",\"inLanguage\":\"de-DE\",\"url\":\"https:\/\/www.aktepekabakum.com\/wp-content\/uploads\/2020\/07\/logo-light.png\",\"contentUrl\":\"https:\/\/www.aktepekabakum.com\/wp-content\/uploads\/2020\/07\/logo-light.png\",\"width\":350,\"height\":350,\"caption\":\"Aktepe Kabakum Zeytincilik\"},\"image\":{\"@id\":\"https:\/\/www.aktepekabakum.com\/#logo\"}},{\"@type\":\"WebSite\",\"@id\":\"https:\/\/www.aktepekabakum.com\/#website\",\"url\":\"https:\/\/www.aktepekabakum.com\/\",\"name\":\"Aktepe Kabakum Zeytincilik\",\"description\":\"Do\u011fal \u00fcr\u00fcnler,organik zeytin ve zeytinya\u011f\u0131\",\"publisher\":{\"@id\":\"https:\/\/www.aktepekabakum.com\/#organization\"},\"potentialAction\":[{\"@type\":\"SearchAction\",\"target\":{\"@type\":\"EntryPoint\",\"urlTemplate\":\"https:\/\/www.aktepekabakum.com\/?s={search_term_string}\"},\"query-input\":\"required name=search_term_string\"}],\"inLanguage\":\"de-DE\"},{\"@type\":\"WebPage\",\"@id\":\"https:\/\/www.aktepekabakum.com\/de\/unterlagen\/#webpage\",\"url\":\"https:\/\/www.aktepekabakum.com\/de\/unterlagen\/\",\"name\":\"Unterlagen - Aktepe Kabakum Zeytincilik\",\"isPartOf\":{\"@id\":\"https:\/\/www.aktepekabakum.com\/#website\"},\"datePublished\":\"2020-07-11T21:33:26+00:00\",\"dateModified\":\"2025-05-24T07:34:48+00:00\",\"breadcrumb\":{\"@id\":\"https:\/\/www.aktepekabakum.com\/de\/unterlagen\/#breadcrumb\"},\"inLanguage\":\"de-DE\",\"potentialAction\":[{\"@type\":\"ReadAction\",\"target\":[\"https:\/\/www.aktepekabakum.com\/de\/unterlagen\/\"]}]},{\"@type\":\"BreadcrumbList\",\"@id\":\"https:\/\/www.aktepekabakum.com\/de\/unterlagen\/#breadcrumb\",\"itemListElement\":[{\"@type\":\"ListItem\",\"position\":1,\"name\":\"Ana sayfa\",\"item\":\"https:\/\/www.aktepekabakum.com\/de\/\"},{\"@type\":\"ListItem\",\"position\":2,\"name\":\"Unterlagen\"}]}]}<\/script>\n<!-- \/ Yoast SEO plugin. -->","yoast_head_json":{"title":"Unterlagen - Aktepe Kabakum Zeytincilik","robots":{"index":"index","follow":"follow","max-snippet":"max-snippet:-1","max-image-preview":"max-image-preview:large","max-video-preview":"max-video-preview:-1"},"canonical":"https:\/\/www.aktepekabakum.com\/de\/unterlagen\/","og_locale":"de_DE","og_type":"article","og_title":"Unterlagen - Aktepe Kabakum Zeytincilik","og_description":"[vc_row type=&#8220;in_container&#8220; full_screen_row_position=&#8220;middle&#8220; column_margin=&#8220;default&#8220; column_direction=&#8220;default&#8220; column_direction_tablet=&#8220;default&#8220; column_direction_phone=&#8220;default&#8220; scene_position=&#8220;center&#8220; text_color=&#8220;dark&#8220; text_align=&#8220;center&#8220; row_border_radius=&#8220;none&#8220; row_border_radius_applies=&#8220;bg&#8220; overlay_strength=&#8220;0.3&#8243; gradient_direction=&#8220;left_to_right&#8220; shape_divider_position=&#8220;bottom&#8220; bg_image_animation=&#8220;none&#8220; shape_type=&#8220;&#8220;][vc_column column_padding=&#8220;no-extra-padding&#8220; column_padding_tablet=&#8220;inherit&#8220; column_padding_phone=&#8220;inherit&#8220; column_padding_position=&#8220;all&#8220; background_color_opacity=&#8220;1&#8243; background_hover_color_opacity=&#8220;1&#8243; column_shadow=&#8220;none&#8220; column_border_radius=&#8220;none&#8220;...","og_url":"https:\/\/www.aktepekabakum.com\/de\/unterlagen\/","og_site_name":"Aktepe Kabakum Zeytincilik","article_publisher":"https:\/\/www.facebook.com\/aktepekabakumzeytincilik\/","article_modified_time":"2025-05-24T07:34:48+00:00","twitter_card":"summary_large_image","twitter_site":"@aktepekabakum","twitter_misc":{"Gesch\u00e4tzte Lesezeit":"1 Minute"},"schema":{"@context":"https:\/\/schema.org","@graph":[{"@type":"Organization","@id":"https:\/\/www.aktepekabakum.com\/#organization","name":"Aktepe Kabakum Zeytincilik","url":"https:\/\/www.aktepekabakum.com\/","sameAs":["https:\/\/www.facebook.com\/aktepekabakumzeytincilik\/","https:\/\/www.instagram.com\/aktepekabakum\/","https:\/\/twitter.com\/aktepekabakum"],"logo":{"@type":"ImageObject","@id":"https:\/\/www.aktepekabakum.com\/#logo","inLanguage":"de-DE","url":"https:\/\/www.aktepekabakum.com\/wp-content\/uploads\/2020\/07\/logo-light.png","contentUrl":"https:\/\/www.aktepekabakum.com\/wp-content\/uploads\/2020\/07\/logo-light.png","width":350,"height":350,"caption":"Aktepe Kabakum Zeytincilik"},"image":{"@id":"https:\/\/www.aktepekabakum.com\/#logo"}},{"@type":"WebSite","@id":"https:\/\/www.aktepekabakum.com\/#website","url":"https:\/\/www.aktepekabakum.com\/","name":"Aktepe Kabakum Zeytincilik","description":"Do\u011fal \u00fcr\u00fcnler,organik zeytin ve zeytinya\u011f\u0131","publisher":{"@id":"https:\/\/www.aktepekabakum.com\/#organization"},"potentialAction":[{"@type":"SearchAction","target":{"@type":"EntryPoint","urlTemplate":"https:\/\/www.aktepekabakum.com\/?s={search_term_string}"},"query-input":"required name=search_term_string"}],"inLanguage":"de-DE"},{"@type":"WebPage","@id":"https:\/\/www.aktepekabakum.com\/de\/unterlagen\/#webpage","url":"https:\/\/www.aktepekabakum.com\/de\/unterlagen\/","name":"Unterlagen - Aktepe Kabakum Zeytincilik","isPartOf":{"@id":"https:\/\/www.aktepekabakum.com\/#website"},"datePublished":"2020-07-11T21:33:26+00:00","dateModified":"2025-05-24T07:34:48+00:00","breadcrumb":{"@id":"https:\/\/www.aktepekabakum.com\/de\/unterlagen\/#breadcrumb"},"inLanguage":"de-DE","potentialAction":[{"@type":"ReadAction","target":["https:\/\/www.aktepekabakum.com\/de\/unterlagen\/"]}]},{"@type":"BreadcrumbList","@id":"https:\/\/www.aktepekabakum.com\/de\/unterlagen\/#breadcrumb","itemListElement":[{"@type":"ListItem","position":1,"name":"Ana sayfa","item":"https:\/\/www.aktepekabakum.com\/de\/"},{"@type":"ListItem","position":2,"name":"Unterlagen"}]}]}},"_links":{"self":[{"href":"https:\/\/www.aktepekabakum.com\/de\/wp-json\/wp\/v2\/pages\/6466"}],"collection":[{"href":"https:\/\/www.aktepekabakum.com\/de\/wp-json\/wp\/v2\/pages"}],"about":[{"href":"https:\/\/www.aktepekabakum.com\/de\/wp-json\/wp\/v2\/types\/page"}],"author":[{"embeddable":true,"href":"https:\/\/www.aktepekabakum.com\/de\/wp-json\/wp\/v2\/users\/1"}],"replies":[{"embeddable":true,"href":"https:\/\/www.aktepekabakum.com\/de\/wp-json\/wp\/v2\/comments?post=6466"}],"version-history":[{"count":3,"href":"https:\/\/www.aktepekabakum.com\/de\/wp-json\/wp\/v2\/pages\/6466\/revisions"}],"predecessor-version":[{"id":6799,"href":"https:\/\/www.aktepekabakum.com\/de\/wp-json\/wp\/v2\/pages\/6466\/revisions\/6799"}],"wp:attachment":[{"href":"https:\/\/www.aktepekabakum.com\/de\/wp-json\/wp\/v2\/media?parent=6466"}],"curies":[{"name":"wp","href":"https:\/\/api.w.org\/{rel}","templated":true}]}}