{"id":6264,"date":"2020-07-11T21:33:26","date_gmt":"2020-07-11T21:33:26","guid":{"rendered":"https:\/\/www.aktepekabakum.com\/belgelerimiz\/"},"modified":"2025-05-24T07:33:47","modified_gmt":"2025-05-24T07:33:47","slug":"documents","status":"publish","type":"page","link":"https:\/\/www.aktepekabakum.com\/en\/documents\/","title":{"rendered":"Documents"},"content":{"rendered":"[vc_row type=&#8221;in_container&#8221; full_screen_row_position=&#8221;middle&#8221; column_margin=&#8221;default&#8221; column_direction=&#8221;default&#8221; column_direction_tablet=&#8221;default&#8221; column_direction_phone=&#8221;default&#8221; scene_position=&#8221;center&#8221; text_color=&#8221;dark&#8221; text_align=&#8221;center&#8221; row_border_radius=&#8221;none&#8221; row_border_radius_applies=&#8221;bg&#8221; overlay_strength=&#8221;0.3&#8243; gradient_direction=&#8221;left_to_right&#8221; shape_divider_position=&#8221;bottom&#8221; bg_image_animation=&#8221;none&#8221; shape_type=&#8221;&#8221;][vc_column column_padding=&#8221;no-extra-padding&#8221; column_padding_tablet=&#8221;inherit&#8221; column_padding_phone=&#8221;inherit&#8221; column_padding_position=&#8221;all&#8221; background_color_opacity=&#8221;1&#8243; background_hover_color_opacity=&#8221;1&#8243; column_shadow=&#8221;none&#8221; column_border_radius=&#8221;none&#8221; column_link_target=&#8221;_self&#8221; gradient_direction=&#8221;left_to_right&#8221; overlay_strength=&#8221;0.3&#8243; width=&#8221;1\/2&#8243; tablet_width_inherit=&#8221;default&#8221; tablet_text_alignment=&#8221;default&#8221; phone_text_alignment=&#8221;default&#8221; column_border_width=&#8221;none&#8221; column_border_style=&#8221;solid&#8221; bg_image_animation=&#8221;none&#8221;][vc_column_text]\n<p style=\"text-align: center;\">T.C \u0130l\u00e7e G\u0131da , Tar\u0131m ve Hayvanc\u0131l\u0131k Directorate Business Registration Certificate<\/p>\n[\/vc_column_text][image_with_animation image_url=&#8221;6005&#8243; animation=&#8221;Fade In&#8221; hover_animation=&#8221;zoom&#8221; alignment=&#8221;center&#8221; border_radius=&#8221;10px&#8221; box_shadow=&#8221;none&#8221; image_loading=&#8221;default&#8221; max_width=&#8221;75%&#8221; max_width_mobile=&#8221;default&#8221;][\/vc_column][vc_column column_padding=&#8221;no-extra-padding&#8221; column_padding_tablet=&#8221;inherit&#8221; column_padding_phone=&#8221;inherit&#8221; column_padding_position=&#8221;all&#8221; background_color_opacity=&#8221;1&#8243; background_hover_color_opacity=&#8221;1&#8243; column_shadow=&#8221;none&#8221; column_border_radius=&#8221;none&#8221; column_link_target=&#8221;_self&#8221; gradient_direction=&#8221;left_to_right&#8221; overlay_strength=&#8221;0.3&#8243; width=&#8221;1\/2&#8243; tablet_width_inherit=&#8221;default&#8221; tablet_text_alignment=&#8221;default&#8221; phone_text_alignment=&#8221;default&#8221; column_border_width=&#8221;none&#8221; column_border_style=&#8221;solid&#8221; bg_image_animation=&#8221;none&#8221;][vc_column_text]\n<p style=\"text-align: center;\">T.C T\u00fcrk Patent Enstit\u00fcs\u00fc Trademark Registration Certificate<\/p>\n[\/vc_column_text][image_with_animation image_url=&#8221;6795&#8243; animation=&#8221;Fade In&#8221; hover_animation=&#8221;zoom&#8221; alignment=&#8221;center&#8221; border_radius=&#8221;10px&#8221; box_shadow=&#8221;none&#8221; image_loading=&#8221;default&#8221; max_width=&#8221;75%&#8221; max_width_mobile=&#8221;default&#8221;][\/vc_column][\/vc_row][vc_row type=&#8221;in_container&#8221; full_screen_row_position=&#8221;middle&#8221; column_margin=&#8221;default&#8221; column_direction=&#8221;default&#8221; column_direction_tablet=&#8221;default&#8221; column_direction_phone=&#8221;default&#8221; scene_position=&#8221;center&#8221; text_color=&#8221;dark&#8221; text_align=&#8221;center&#8221; row_border_radius=&#8221;none&#8221; row_border_radius_applies=&#8221;bg&#8221; overlay_strength=&#8221;0.3&#8243; gradient_direction=&#8221;left_to_right&#8221; shape_divider_position=&#8221;bottom&#8221; bg_image_animation=&#8221;none&#8221; shape_type=&#8221;&#8221;][vc_column column_padding=&#8221;no-extra-padding&#8221; column_padding_tablet=&#8221;inherit&#8221; column_padding_phone=&#8221;inherit&#8221; column_padding_position=&#8221;all&#8221; background_color_opacity=&#8221;1&#8243; background_hover_color_opacity=&#8221;1&#8243; column_shadow=&#8221;none&#8221; column_border_radius=&#8221;none&#8221; column_link_target=&#8221;_self&#8221; gradient_direction=&#8221;left_to_right&#8221; overlay_strength=&#8221;0.3&#8243; width=&#8221;1\/2&#8243; tablet_width_inherit=&#8221;default&#8221; tablet_text_alignment=&#8221;default&#8221; phone_text_alignment=&#8221;default&#8221; column_border_width=&#8221;none&#8221; column_border_style=&#8221;solid&#8221; bg_image_animation=&#8221;none&#8221;][vc_column_text]\n<p style=\"text-align: center;\">T.C T\u00fcrk Patent Enstit\u00fcs\u00fc Trademark Registration Certificate<\/p>\n[\/vc_column_text][image_with_animation image_url=&#8221;6006&#8243; animation=&#8221;Fade In&#8221; hover_animation=&#8221;zoom&#8221; alignment=&#8221;center&#8221; border_radius=&#8221;10px&#8221; box_shadow=&#8221;none&#8221; image_loading=&#8221;default&#8221; max_width=&#8221;75%&#8221; max_width_mobile=&#8221;default&#8221;][\/vc_column][vc_column column_padding=&#8221;no-extra-padding&#8221; column_padding_tablet=&#8221;inherit&#8221; column_padding_phone=&#8221;inherit&#8221; column_padding_position=&#8221;all&#8221; background_color_opacity=&#8221;1&#8243; background_hover_color_opacity=&#8221;1&#8243; column_shadow=&#8221;none&#8221; column_border_radius=&#8221;none&#8221; column_link_target=&#8221;_self&#8221; gradient_direction=&#8221;left_to_right&#8221; overlay_strength=&#8221;0.3&#8243; width=&#8221;1\/2&#8243; tablet_width_inherit=&#8221;default&#8221; tablet_text_alignment=&#8221;default&#8221; phone_text_alignment=&#8221;default&#8221; column_border_width=&#8221;none&#8221; column_border_style=&#8221;solid&#8221; bg_image_animation=&#8221;none&#8221;][\/vc_column][\/vc_row]\n","protected":false},"excerpt":{"rendered":"<p>[vc_row type=&#8221;in_container&#8221; full_screen_row_position=&#8221;middle&#8221; column_margin=&#8221;default&#8221; column_direction=&#8221;default&#8221; column_direction_tablet=&#8221;default&#8221; column_direction_phone=&#8221;default&#8221; scene_position=&#8221;center&#8221; text_color=&#8221;dark&#8221; text_align=&#8221;center&#8221; row_border_radius=&#8221;none&#8221; row_border_radius_applies=&#8221;bg&#8221; overlay_strength=&#8221;0.3&#8243; gradient_direction=&#8221;left_to_right&#8221; shape_divider_position=&#8221;bottom&#8221; bg_image_animation=&#8221;none&#8221; shape_type=&#8221;&#8221;][vc_column column_padding=&#8221;no-extra-padding&#8221; column_padding_tablet=&#8221;inherit&#8221; column_padding_phone=&#8221;inherit&#8221; column_padding_position=&#8221;all&#8221; background_color_opacity=&#8221;1&#8243; background_hover_color_opacity=&#8221;1&#8243; column_shadow=&#8221;none&#8221; column_border_radius=&#8221;none&#8221;&#8230;<\/p>\n","protected":false},"author":1,"featured_media":0,"parent":0,"menu_order":0,"comment_status":"closed","ping_status":"closed","template":"","meta":[],"yoast_head":"<!-- This site is optimized with the Yoast SEO plugin v18.2 - https:\/\/yoast.com\/wordpress\/plugins\/seo\/ -->\n<title>Documents - Aktepe Kabakum Zeytincilik<\/title>\n<meta name=\"robots\" content=\"index, follow, max-snippet:-1, max-image-preview:large, max-video-preview:-1\" \/>\n<link rel=\"canonical\" href=\"https:\/\/www.aktepekabakum.com\/en\/documents\/\" \/>\n<meta property=\"og:locale\" content=\"en_US\" \/>\n<meta property=\"og:type\" content=\"article\" \/>\n<meta property=\"og:title\" content=\"Documents - Aktepe Kabakum Zeytincilik\" \/>\n<meta property=\"og:description\" content=\"[vc_row type=&#8221;in_container&#8221; full_screen_row_position=&#8221;middle&#8221; column_margin=&#8221;default&#8221; column_direction=&#8221;default&#8221; column_direction_tablet=&#8221;default&#8221; column_direction_phone=&#8221;default&#8221; scene_position=&#8221;center&#8221; text_color=&#8221;dark&#8221; text_align=&#8221;center&#8221; row_border_radius=&#8221;none&#8221; row_border_radius_applies=&#8221;bg&#8221; overlay_strength=&#8221;0.3&#8243; gradient_direction=&#8221;left_to_right&#8221; shape_divider_position=&#8221;bottom&#8221; bg_image_animation=&#8221;none&#8221; shape_type=&#8221;&#8221;][vc_column column_padding=&#8221;no-extra-padding&#8221; column_padding_tablet=&#8221;inherit&#8221; column_padding_phone=&#8221;inherit&#8221; column_padding_position=&#8221;all&#8221; background_color_opacity=&#8221;1&#8243; background_hover_color_opacity=&#8221;1&#8243; column_shadow=&#8221;none&#8221; column_border_radius=&#8221;none&#8221;...\" \/>\n<meta property=\"og:url\" content=\"https:\/\/www.aktepekabakum.com\/en\/documents\/\" \/>\n<meta property=\"og:site_name\" content=\"Aktepe Kabakum Zeytincilik\" \/>\n<meta property=\"article:publisher\" content=\"https:\/\/www.facebook.com\/aktepekabakumzeytincilik\/\" \/>\n<meta property=\"article:modified_time\" content=\"2025-05-24T07:33:47+00:00\" \/>\n<meta name=\"twitter:card\" content=\"summary_large_image\" \/>\n<meta name=\"twitter:site\" content=\"@aktepekabakum\" \/>\n<meta name=\"twitter:label1\" content=\"Est. reading time\" \/>\n\t<meta name=\"twitter:data1\" content=\"1 minute\" \/>\n<script type=\"application\/ld+json\" class=\"yoast-schema-graph\">{\"@context\":\"https:\/\/schema.org\",\"@graph\":[{\"@type\":\"Organization\",\"@id\":\"https:\/\/www.aktepekabakum.com\/#organization\",\"name\":\"Aktepe Kabakum Zeytincilik\",\"url\":\"https:\/\/www.aktepekabakum.com\/\",\"sameAs\":[\"https:\/\/www.facebook.com\/aktepekabakumzeytincilik\/\",\"https:\/\/www.instagram.com\/aktepekabakum\/\",\"https:\/\/twitter.com\/aktepekabakum\"],\"logo\":{\"@type\":\"ImageObject\",\"@id\":\"https:\/\/www.aktepekabakum.com\/#logo\",\"inLanguage\":\"en-US\",\"url\":\"https:\/\/www.aktepekabakum.com\/wp-content\/uploads\/2020\/07\/logo-light.png\",\"contentUrl\":\"https:\/\/www.aktepekabakum.com\/wp-content\/uploads\/2020\/07\/logo-light.png\",\"width\":350,\"height\":350,\"caption\":\"Aktepe Kabakum Zeytincilik\"},\"image\":{\"@id\":\"https:\/\/www.aktepekabakum.com\/#logo\"}},{\"@type\":\"WebSite\",\"@id\":\"https:\/\/www.aktepekabakum.com\/#website\",\"url\":\"https:\/\/www.aktepekabakum.com\/\",\"name\":\"Aktepe Kabakum Zeytincilik\",\"description\":\"Do\u011fal \u00fcr\u00fcnler,organik zeytin ve zeytinya\u011f\u0131\",\"publisher\":{\"@id\":\"https:\/\/www.aktepekabakum.com\/#organization\"},\"potentialAction\":[{\"@type\":\"SearchAction\",\"target\":{\"@type\":\"EntryPoint\",\"urlTemplate\":\"https:\/\/www.aktepekabakum.com\/?s={search_term_string}\"},\"query-input\":\"required name=search_term_string\"}],\"inLanguage\":\"en-US\"},{\"@type\":\"WebPage\",\"@id\":\"https:\/\/www.aktepekabakum.com\/en\/documents\/#webpage\",\"url\":\"https:\/\/www.aktepekabakum.com\/en\/documents\/\",\"name\":\"Documents - Aktepe Kabakum Zeytincilik\",\"isPartOf\":{\"@id\":\"https:\/\/www.aktepekabakum.com\/#website\"},\"datePublished\":\"2020-07-11T21:33:26+00:00\",\"dateModified\":\"2025-05-24T07:33:47+00:00\",\"breadcrumb\":{\"@id\":\"https:\/\/www.aktepekabakum.com\/en\/documents\/#breadcrumb\"},\"inLanguage\":\"en-US\",\"potentialAction\":[{\"@type\":\"ReadAction\",\"target\":[\"https:\/\/www.aktepekabakum.com\/en\/documents\/\"]}]},{\"@type\":\"BreadcrumbList\",\"@id\":\"https:\/\/www.aktepekabakum.com\/en\/documents\/#breadcrumb\",\"itemListElement\":[{\"@type\":\"ListItem\",\"position\":1,\"name\":\"Ana sayfa\",\"item\":\"https:\/\/www.aktepekabakum.com\/en\/\"},{\"@type\":\"ListItem\",\"position\":2,\"name\":\"Documents\"}]}]}<\/script>\n<!-- \/ Yoast SEO plugin. -->","yoast_head_json":{"title":"Documents - Aktepe Kabakum Zeytincilik","robots":{"index":"index","follow":"follow","max-snippet":"max-snippet:-1","max-image-preview":"max-image-preview:large","max-video-preview":"max-video-preview:-1"},"canonical":"https:\/\/www.aktepekabakum.com\/en\/documents\/","og_locale":"en_US","og_type":"article","og_title":"Documents - Aktepe Kabakum Zeytincilik","og_description":"[vc_row type=&#8221;in_container&#8221; full_screen_row_position=&#8221;middle&#8221; column_margin=&#8221;default&#8221; column_direction=&#8221;default&#8221; column_direction_tablet=&#8221;default&#8221; column_direction_phone=&#8221;default&#8221; scene_position=&#8221;center&#8221; text_color=&#8221;dark&#8221; text_align=&#8221;center&#8221; row_border_radius=&#8221;none&#8221; row_border_radius_applies=&#8221;bg&#8221; overlay_strength=&#8221;0.3&#8243; gradient_direction=&#8221;left_to_right&#8221; shape_divider_position=&#8221;bottom&#8221; bg_image_animation=&#8221;none&#8221; shape_type=&#8221;&#8221;][vc_column column_padding=&#8221;no-extra-padding&#8221; column_padding_tablet=&#8221;inherit&#8221; column_padding_phone=&#8221;inherit&#8221; column_padding_position=&#8221;all&#8221; background_color_opacity=&#8221;1&#8243; background_hover_color_opacity=&#8221;1&#8243; column_shadow=&#8221;none&#8221; column_border_radius=&#8221;none&#8221;...","og_url":"https:\/\/www.aktepekabakum.com\/en\/documents\/","og_site_name":"Aktepe Kabakum Zeytincilik","article_publisher":"https:\/\/www.facebook.com\/aktepekabakumzeytincilik\/","article_modified_time":"2025-05-24T07:33:47+00:00","twitter_card":"summary_large_image","twitter_site":"@aktepekabakum","twitter_misc":{"Est. reading time":"1 minute"},"schema":{"@context":"https:\/\/schema.org","@graph":[{"@type":"Organization","@id":"https:\/\/www.aktepekabakum.com\/#organization","name":"Aktepe Kabakum Zeytincilik","url":"https:\/\/www.aktepekabakum.com\/","sameAs":["https:\/\/www.facebook.com\/aktepekabakumzeytincilik\/","https:\/\/www.instagram.com\/aktepekabakum\/","https:\/\/twitter.com\/aktepekabakum"],"logo":{"@type":"ImageObject","@id":"https:\/\/www.aktepekabakum.com\/#logo","inLanguage":"en-US","url":"https:\/\/www.aktepekabakum.com\/wp-content\/uploads\/2020\/07\/logo-light.png","contentUrl":"https:\/\/www.aktepekabakum.com\/wp-content\/uploads\/2020\/07\/logo-light.png","width":350,"height":350,"caption":"Aktepe Kabakum Zeytincilik"},"image":{"@id":"https:\/\/www.aktepekabakum.com\/#logo"}},{"@type":"WebSite","@id":"https:\/\/www.aktepekabakum.com\/#website","url":"https:\/\/www.aktepekabakum.com\/","name":"Aktepe Kabakum Zeytincilik","description":"Do\u011fal \u00fcr\u00fcnler,organik zeytin ve zeytinya\u011f\u0131","publisher":{"@id":"https:\/\/www.aktepekabakum.com\/#organization"},"potentialAction":[{"@type":"SearchAction","target":{"@type":"EntryPoint","urlTemplate":"https:\/\/www.aktepekabakum.com\/?s={search_term_string}"},"query-input":"required name=search_term_string"}],"inLanguage":"en-US"},{"@type":"WebPage","@id":"https:\/\/www.aktepekabakum.com\/en\/documents\/#webpage","url":"https:\/\/www.aktepekabakum.com\/en\/documents\/","name":"Documents - Aktepe Kabakum Zeytincilik","isPartOf":{"@id":"https:\/\/www.aktepekabakum.com\/#website"},"datePublished":"2020-07-11T21:33:26+00:00","dateModified":"2025-05-24T07:33:47+00:00","breadcrumb":{"@id":"https:\/\/www.aktepekabakum.com\/en\/documents\/#breadcrumb"},"inLanguage":"en-US","potentialAction":[{"@type":"ReadAction","target":["https:\/\/www.aktepekabakum.com\/en\/documents\/"]}]},{"@type":"BreadcrumbList","@id":"https:\/\/www.aktepekabakum.com\/en\/documents\/#breadcrumb","itemListElement":[{"@type":"ListItem","position":1,"name":"Ana sayfa","item":"https:\/\/www.aktepekabakum.com\/en\/"},{"@type":"ListItem","position":2,"name":"Documents"}]}]}},"_links":{"self":[{"href":"https:\/\/www.aktepekabakum.com\/en\/wp-json\/wp\/v2\/pages\/6264"}],"collection":[{"href":"https:\/\/www.aktepekabakum.com\/en\/wp-json\/wp\/v2\/pages"}],"about":[{"href":"https:\/\/www.aktepekabakum.com\/en\/wp-json\/wp\/v2\/types\/page"}],"author":[{"embeddable":true,"href":"https:\/\/www.aktepekabakum.com\/en\/wp-json\/wp\/v2\/users\/1"}],"replies":[{"embeddable":true,"href":"https:\/\/www.aktepekabakum.com\/en\/wp-json\/wp\/v2\/comments?post=6264"}],"version-history":[{"count":5,"href":"https:\/\/www.aktepekabakum.com\/en\/wp-json\/wp\/v2\/pages\/6264\/revisions"}],"predecessor-version":[{"id":6798,"href":"https:\/\/www.aktepekabakum.com\/en\/wp-json\/wp\/v2\/pages\/6264\/revisions\/6798"}],"wp:attachment":[{"href":"https:\/\/www.aktepekabakum.com\/en\/wp-json\/wp\/v2\/media?parent=6264"}],"curies":[{"name":"wp","href":"https:\/\/api.w.org\/{rel}","templated":true}]}}