{"id":6304,"date":"2020-11-28T18:21:52","date_gmt":"2020-11-28T18:21:52","guid":{"rendered":"https:\/\/www.aktepekabakum.com\/?page_id=6304"},"modified":"2020-11-29T19:29:06","modified_gmt":"2020-11-29T19:29:06","slug":"products","status":"publish","type":"page","link":"https:\/\/www.aktepekabakum.com\/en\/products\/","title":{"rendered":"Products"},"content":{"rendered":"[vc_row type=&#8221;full_width_content&#8221; full_screen_row_position=&#8221;middle&#8221; column_margin=&#8221;default&#8221; equal_height=&#8221;yes&#8221; content_placement=&#8221;middle&#8221; column_direction=&#8221;default&#8221; column_direction_tablet=&#8221;default&#8221; column_direction_phone=&#8221;default&#8221; scene_position=&#8221;center&#8221; text_color=&#8221;light&#8221; text_align=&#8221;left&#8221; row_border_radius=&#8221;none&#8221; row_border_radius_applies=&#8221;bg&#8221; overlay_strength=&#8221;0.3&#8243; gradient_direction=&#8221;left_to_right&#8221; shape_divider_position=&#8221;bottom&#8221; bg_image_animation=&#8221;none&#8221;][vc_column column_padding=&#8221;padding-8-percent&#8221; column_padding_tablet=&#8221;inherit&#8221; column_padding_phone=&#8221;inherit&#8221; column_padding_position=&#8221;all&#8221; centered_text=&#8221;true&#8221; background_color=&#8221;#2d2d2d&#8221; background_color_opacity=&#8221;0.4&#8243; background_hover_color_opacity=&#8221;0.4&#8243; background_image=&#8221;6389&#8243; background_image_position=&#8221;center center&#8221; enable_bg_scale=&#8221;true&#8221; column_shadow=&#8221;none&#8221; column_border_radius=&#8221;none&#8221; column_link_target=&#8221;_self&#8221; gradient_direction=&#8221;left_to_right&#8221; overlay_strength=&#8221;0.3&#8243; width=&#8221;1\/2&#8243; tablet_width_inherit=&#8221;default&#8221; tablet_text_alignment=&#8221;default&#8221; phone_text_alignment=&#8221;default&#8221; column_border_width=&#8221;none&#8221; column_border_style=&#8221;solid&#8221; bg_image_animation=&#8221;none&#8221; enable_animation=&#8221;true&#8221; animation=&#8221;grow-in&#8221;][divider line_type=&#8221;No Line&#8221; custom_height=&#8221;100&#8243;][vc_custom_heading text=&#8221;Olive Oil&#8221; font_container=&#8221;tag:h5|text_align:center|color:rgba(255%2C255%2C255%2C0.7)&#8221; use_theme_fonts=&#8221;yes&#8221;][vc_custom_heading text=&#8221;Best quality olive oil products&#8221; font_container=&#8221;tag:h3|text_align:center&#8221; use_theme_fonts=&#8221;yes&#8221;][nectar_btn size=&#8221;large&#8221; button_style=&#8221;see-through-2&#8243; hover_text_color_override=&#8221;#ffffff&#8221; icon_family=&#8221;none&#8221; url=&#8221;\/olive-oil-products&#8221; text=&#8221;See our olive oil products&#8221; margin_top=&#8221;25&#8243;][divider line_type=&#8221;No Line&#8221; custom_height=&#8221;100&#8243;][\/vc_column][vc_column column_padding=&#8221;padding-8-percent&#8221; column_padding_tablet=&#8221;inherit&#8221; column_padding_phone=&#8221;inherit&#8221; column_padding_position=&#8221;all&#8221; centered_text=&#8221;true&#8221; background_color=&#8221;#2d2d2d&#8221; background_color_opacity=&#8221;0.5&#8243; background_hover_color_opacity=&#8221;0.5&#8243; background_image=&#8221;6392&#8243; background_image_position=&#8221;center center&#8221; enable_bg_scale=&#8221;true&#8221; column_shadow=&#8221;none&#8221; column_border_radius=&#8221;none&#8221; column_link_target=&#8221;_self&#8221; gradient_direction=&#8221;left_to_right&#8221; overlay_strength=&#8221;0.3&#8243; width=&#8221;1\/2&#8243; tablet_width_inherit=&#8221;default&#8221; tablet_text_alignment=&#8221;default&#8221; phone_text_alignment=&#8221;default&#8221; column_border_width=&#8221;none&#8221; column_border_style=&#8221;solid&#8221; bg_image_animation=&#8221;none&#8221; enable_animation=&#8221;true&#8221; animation=&#8221;grow-in&#8221; delay=&#8221;150&#8243;][divider line_type=&#8221;No Line&#8221; custom_height=&#8221;100&#8243;][vc_custom_heading text=&#8221;Olive&#8221; font_container=&#8221;tag:h5|text_align:center|color:rgba(255%2C255%2C255%2C0.7)&#8221; use_theme_fonts=&#8221;yes&#8221;][vc_custom_heading text=&#8221;Black and green olive products&#8221; font_container=&#8221;tag:h3|text_align:center&#8221; use_theme_fonts=&#8221;yes&#8221;][nectar_btn size=&#8221;large&#8221; button_style=&#8221;see-through-2&#8243; hover_text_color_override=&#8221;#ffffff&#8221; icon_family=&#8221;none&#8221; url=&#8221;\/olive-products&#8221; text=&#8221;See our olive products&#8221; margin_top=&#8221;25&#8243;][divider line_type=&#8221;No Line&#8221; custom_height=&#8221;100&#8243;][\/vc_column][\/vc_row]\n","protected":false},"excerpt":{"rendered":"<p>[vc_row type=&#8221;full_width_content&#8221; full_screen_row_position=&#8221;middle&#8221; column_margin=&#8221;default&#8221; equal_height=&#8221;yes&#8221; content_placement=&#8221;middle&#8221; column_direction=&#8221;default&#8221; column_direction_tablet=&#8221;default&#8221; column_direction_phone=&#8221;default&#8221; scene_position=&#8221;center&#8221; text_color=&#8221;light&#8221; text_align=&#8221;left&#8221; row_border_radius=&#8221;none&#8221; row_border_radius_applies=&#8221;bg&#8221; overlay_strength=&#8221;0.3&#8243; gradient_direction=&#8221;left_to_right&#8221; shape_divider_position=&#8221;bottom&#8221; bg_image_animation=&#8221;none&#8221;][vc_column column_padding=&#8221;padding-8-percent&#8221; column_padding_tablet=&#8221;inherit&#8221; column_padding_phone=&#8221;inherit&#8221; column_padding_position=&#8221;all&#8221; centered_text=&#8221;true&#8221; background_color=&#8221;#2d2d2d&#8221; background_color_opacity=&#8221;0.4&#8243;&#8230;<\/p>\n","protected":false},"author":1,"featured_media":0,"parent":0,"menu_order":0,"comment_status":"closed","ping_status":"closed","template":"","meta":[],"yoast_head":"<!-- This site is optimized with the Yoast SEO plugin v18.2 - https:\/\/yoast.com\/wordpress\/plugins\/seo\/ -->\n<title>Products - Aktepe Kabakum Zeytincilik<\/title>\n<meta name=\"robots\" content=\"index, follow, max-snippet:-1, max-image-preview:large, max-video-preview:-1\" \/>\n<link rel=\"canonical\" href=\"https:\/\/www.aktepekabakum.com\/en\/products\/\" \/>\n<meta property=\"og:locale\" content=\"en_US\" \/>\n<meta property=\"og:type\" content=\"article\" \/>\n<meta property=\"og:title\" content=\"Products - Aktepe Kabakum Zeytincilik\" \/>\n<meta property=\"og:description\" content=\"[vc_row type=&#8221;full_width_content&#8221; full_screen_row_position=&#8221;middle&#8221; column_margin=&#8221;default&#8221; equal_height=&#8221;yes&#8221; content_placement=&#8221;middle&#8221; column_direction=&#8221;default&#8221; column_direction_tablet=&#8221;default&#8221; column_direction_phone=&#8221;default&#8221; scene_position=&#8221;center&#8221; text_color=&#8221;light&#8221; text_align=&#8221;left&#8221; row_border_radius=&#8221;none&#8221; row_border_radius_applies=&#8221;bg&#8221; overlay_strength=&#8221;0.3&#8243; gradient_direction=&#8221;left_to_right&#8221; shape_divider_position=&#8221;bottom&#8221; bg_image_animation=&#8221;none&#8221;][vc_column column_padding=&#8221;padding-8-percent&#8221; column_padding_tablet=&#8221;inherit&#8221; column_padding_phone=&#8221;inherit&#8221; column_padding_position=&#8221;all&#8221; centered_text=&#8221;true&#8221; background_color=&#8221;#2d2d2d&#8221; background_color_opacity=&#8221;0.4&#8243;...\" \/>\n<meta property=\"og:url\" content=\"https:\/\/www.aktepekabakum.com\/en\/products\/\" \/>\n<meta property=\"og:site_name\" content=\"Aktepe Kabakum Zeytincilik\" \/>\n<meta property=\"article:publisher\" content=\"https:\/\/www.facebook.com\/aktepekabakumzeytincilik\/\" \/>\n<meta property=\"article:modified_time\" content=\"2020-11-29T19:29:06+00:00\" \/>\n<meta name=\"twitter:card\" content=\"summary_large_image\" \/>\n<meta name=\"twitter:site\" content=\"@aktepekabakum\" \/>\n<meta name=\"twitter:label1\" content=\"Est. reading time\" \/>\n\t<meta name=\"twitter:data1\" content=\"2 minutes\" \/>\n<script type=\"application\/ld+json\" class=\"yoast-schema-graph\">{\"@context\":\"https:\/\/schema.org\",\"@graph\":[{\"@type\":\"Organization\",\"@id\":\"https:\/\/www.aktepekabakum.com\/#organization\",\"name\":\"Aktepe Kabakum Zeytincilik\",\"url\":\"https:\/\/www.aktepekabakum.com\/\",\"sameAs\":[\"https:\/\/www.facebook.com\/aktepekabakumzeytincilik\/\",\"https:\/\/www.instagram.com\/aktepekabakum\/\",\"https:\/\/twitter.com\/aktepekabakum\"],\"logo\":{\"@type\":\"ImageObject\",\"@id\":\"https:\/\/www.aktepekabakum.com\/#logo\",\"inLanguage\":\"en-US\",\"url\":\"https:\/\/www.aktepekabakum.com\/wp-content\/uploads\/2020\/07\/logo-light.png\",\"contentUrl\":\"https:\/\/www.aktepekabakum.com\/wp-content\/uploads\/2020\/07\/logo-light.png\",\"width\":350,\"height\":350,\"caption\":\"Aktepe Kabakum Zeytincilik\"},\"image\":{\"@id\":\"https:\/\/www.aktepekabakum.com\/#logo\"}},{\"@type\":\"WebSite\",\"@id\":\"https:\/\/www.aktepekabakum.com\/#website\",\"url\":\"https:\/\/www.aktepekabakum.com\/\",\"name\":\"Aktepe Kabakum Zeytincilik\",\"description\":\"Do\u011fal \u00fcr\u00fcnler,organik zeytin ve zeytinya\u011f\u0131\",\"publisher\":{\"@id\":\"https:\/\/www.aktepekabakum.com\/#organization\"},\"potentialAction\":[{\"@type\":\"SearchAction\",\"target\":{\"@type\":\"EntryPoint\",\"urlTemplate\":\"https:\/\/www.aktepekabakum.com\/?s={search_term_string}\"},\"query-input\":\"required name=search_term_string\"}],\"inLanguage\":\"en-US\"},{\"@type\":\"WebPage\",\"@id\":\"https:\/\/www.aktepekabakum.com\/en\/products\/#webpage\",\"url\":\"https:\/\/www.aktepekabakum.com\/en\/products\/\",\"name\":\"Products - Aktepe Kabakum Zeytincilik\",\"isPartOf\":{\"@id\":\"https:\/\/www.aktepekabakum.com\/#website\"},\"datePublished\":\"2020-11-28T18:21:52+00:00\",\"dateModified\":\"2020-11-29T19:29:06+00:00\",\"breadcrumb\":{\"@id\":\"https:\/\/www.aktepekabakum.com\/en\/products\/#breadcrumb\"},\"inLanguage\":\"en-US\",\"potentialAction\":[{\"@type\":\"ReadAction\",\"target\":[\"https:\/\/www.aktepekabakum.com\/en\/products\/\"]}]},{\"@type\":\"BreadcrumbList\",\"@id\":\"https:\/\/www.aktepekabakum.com\/en\/products\/#breadcrumb\",\"itemListElement\":[{\"@type\":\"ListItem\",\"position\":1,\"name\":\"Ana sayfa\",\"item\":\"https:\/\/www.aktepekabakum.com\/en\/\"},{\"@type\":\"ListItem\",\"position\":2,\"name\":\"Products\"}]}]}<\/script>\n<!-- \/ Yoast SEO plugin. -->","yoast_head_json":{"title":"Products - Aktepe Kabakum Zeytincilik","robots":{"index":"index","follow":"follow","max-snippet":"max-snippet:-1","max-image-preview":"max-image-preview:large","max-video-preview":"max-video-preview:-1"},"canonical":"https:\/\/www.aktepekabakum.com\/en\/products\/","og_locale":"en_US","og_type":"article","og_title":"Products - Aktepe Kabakum Zeytincilik","og_description":"[vc_row type=&#8221;full_width_content&#8221; full_screen_row_position=&#8221;middle&#8221; column_margin=&#8221;default&#8221; equal_height=&#8221;yes&#8221; content_placement=&#8221;middle&#8221; column_direction=&#8221;default&#8221; column_direction_tablet=&#8221;default&#8221; column_direction_phone=&#8221;default&#8221; scene_position=&#8221;center&#8221; text_color=&#8221;light&#8221; text_align=&#8221;left&#8221; row_border_radius=&#8221;none&#8221; row_border_radius_applies=&#8221;bg&#8221; overlay_strength=&#8221;0.3&#8243; gradient_direction=&#8221;left_to_right&#8221; shape_divider_position=&#8221;bottom&#8221; bg_image_animation=&#8221;none&#8221;][vc_column column_padding=&#8221;padding-8-percent&#8221; column_padding_tablet=&#8221;inherit&#8221; column_padding_phone=&#8221;inherit&#8221; column_padding_position=&#8221;all&#8221; centered_text=&#8221;true&#8221; background_color=&#8221;#2d2d2d&#8221; background_color_opacity=&#8221;0.4&#8243;...","og_url":"https:\/\/www.aktepekabakum.com\/en\/products\/","og_site_name":"Aktepe Kabakum Zeytincilik","article_publisher":"https:\/\/www.facebook.com\/aktepekabakumzeytincilik\/","article_modified_time":"2020-11-29T19:29:06+00:00","twitter_card":"summary_large_image","twitter_site":"@aktepekabakum","twitter_misc":{"Est. reading time":"2 minutes"},"schema":{"@context":"https:\/\/schema.org","@graph":[{"@type":"Organization","@id":"https:\/\/www.aktepekabakum.com\/#organization","name":"Aktepe Kabakum Zeytincilik","url":"https:\/\/www.aktepekabakum.com\/","sameAs":["https:\/\/www.facebook.com\/aktepekabakumzeytincilik\/","https:\/\/www.instagram.com\/aktepekabakum\/","https:\/\/twitter.com\/aktepekabakum"],"logo":{"@type":"ImageObject","@id":"https:\/\/www.aktepekabakum.com\/#logo","inLanguage":"en-US","url":"https:\/\/www.aktepekabakum.com\/wp-content\/uploads\/2020\/07\/logo-light.png","contentUrl":"https:\/\/www.aktepekabakum.com\/wp-content\/uploads\/2020\/07\/logo-light.png","width":350,"height":350,"caption":"Aktepe Kabakum Zeytincilik"},"image":{"@id":"https:\/\/www.aktepekabakum.com\/#logo"}},{"@type":"WebSite","@id":"https:\/\/www.aktepekabakum.com\/#website","url":"https:\/\/www.aktepekabakum.com\/","name":"Aktepe Kabakum Zeytincilik","description":"Do\u011fal \u00fcr\u00fcnler,organik zeytin ve zeytinya\u011f\u0131","publisher":{"@id":"https:\/\/www.aktepekabakum.com\/#organization"},"potentialAction":[{"@type":"SearchAction","target":{"@type":"EntryPoint","urlTemplate":"https:\/\/www.aktepekabakum.com\/?s={search_term_string}"},"query-input":"required name=search_term_string"}],"inLanguage":"en-US"},{"@type":"WebPage","@id":"https:\/\/www.aktepekabakum.com\/en\/products\/#webpage","url":"https:\/\/www.aktepekabakum.com\/en\/products\/","name":"Products - Aktepe Kabakum Zeytincilik","isPartOf":{"@id":"https:\/\/www.aktepekabakum.com\/#website"},"datePublished":"2020-11-28T18:21:52+00:00","dateModified":"2020-11-29T19:29:06+00:00","breadcrumb":{"@id":"https:\/\/www.aktepekabakum.com\/en\/products\/#breadcrumb"},"inLanguage":"en-US","potentialAction":[{"@type":"ReadAction","target":["https:\/\/www.aktepekabakum.com\/en\/products\/"]}]},{"@type":"BreadcrumbList","@id":"https:\/\/www.aktepekabakum.com\/en\/products\/#breadcrumb","itemListElement":[{"@type":"ListItem","position":1,"name":"Ana sayfa","item":"https:\/\/www.aktepekabakum.com\/en\/"},{"@type":"ListItem","position":2,"name":"Products"}]}]}},"_links":{"self":[{"href":"https:\/\/www.aktepekabakum.com\/en\/wp-json\/wp\/v2\/pages\/6304"}],"collection":[{"href":"https:\/\/www.aktepekabakum.com\/en\/wp-json\/wp\/v2\/pages"}],"about":[{"href":"https:\/\/www.aktepekabakum.com\/en\/wp-json\/wp\/v2\/types\/page"}],"author":[{"embeddable":true,"href":"https:\/\/www.aktepekabakum.com\/en\/wp-json\/wp\/v2\/users\/1"}],"replies":[{"embeddable":true,"href":"https:\/\/www.aktepekabakum.com\/en\/wp-json\/wp\/v2\/comments?post=6304"}],"version-history":[{"count":8,"href":"https:\/\/www.aktepekabakum.com\/en\/wp-json\/wp\/v2\/pages\/6304\/revisions"}],"predecessor-version":[{"id":6400,"href":"https:\/\/www.aktepekabakum.com\/en\/wp-json\/wp\/v2\/pages\/6304\/revisions\/6400"}],"wp:attachment":[{"href":"https:\/\/www.aktepekabakum.com\/en\/wp-json\/wp\/v2\/media?parent=6304"}],"curies":[{"name":"wp","href":"https:\/\/api.w.org\/{rel}","templated":true}]}}